{"id":63925,"date":"2022-11-07T12:05:02","date_gmt":"2022-11-07T11:05:02","guid":{"rendered":"https:\/\/fechtsport-kindermann.de\/downloads\/"},"modified":"2025-01-01T11:11:14","modified_gmt":"2025-01-01T10:11:14","slug":"downloads","status":"publish","type":"page","link":"https:\/\/fechtsport-kindermann.de\/en\/downloads\/","title":{"rendered":"Downloads"},"content":{"rendered":"\t\t<div data-elementor-type=\"wp-page\" data-elementor-id=\"63925\" class=\"elementor elementor-63925 elementor-20634\" data-elementor-post-type=\"page\">\n\t\t\t\t\t\t<section class=\"elementor-section elementor-top-section elementor-element elementor-element-5efc2480 elementor-section-boxed elementor-section-height-default elementor-section-height-default\" data-id=\"5efc2480\" data-element_type=\"section\" data-e-type=\"section\">\r\n\t\t\r\n\t\t\t\t\t\t\t<div class=\"elementor-container elementor-column-gap-default\">\r\n\t\t\t\t\t\t\t\t\t\t\t<div class=\"elementor-column elementor-col-100 elementor-top-column elementor-element elementor-element-119989f1\" data-id=\"119989f1\" data-element_type=\"column\" data-e-type=\"column\">\r\n\t\t\t\t\t<div class=\"elementor-widget-wrap elementor-element-populated\">\r\n\t\t\t\t\t\t\t\t<div class=\"elementor-element elementor-element-3f6121b9 elementor-widget elementor-widget-text-editor\" data-id=\"3f6121b9\" data-element_type=\"widget\" data-e-type=\"widget\" data-widget_type=\"text-editor.default\">\n\t\t\t\t<div class=\"elementor-widget-container\">\n\t\t\t\t\t\t\t\t\t<h1 class=\"hero--headline panel--title\">Service<\/h1><h3><span data-text-color=\"primary\">Flexibilit\u00e4t<\/span><\/h3><p><span data-text-color=\"primary\">Wir bieten kundenfreundliche Zeiten f\u00fcr die Beratung und den Verkauf im Lager nach telefonischer Absprache (Direktverkauf sowie Versand)<\/span><\/p><p><strong>Verkauf<\/strong><\/p><p><span data-text-color=\"primary\" data-mce-mark=\"1\">Turnierverkauf, Verkauf von Fechtartikeln in den Vereinen, Bestellung und Verkauf im Internet<\/span><\/p><h3><span data-text-color=\"primary\" data-mce-mark=\"1\">Reparatur<\/span><\/h3><p><span data-text-color=\"primary\" data-mce-mark=\"1\">Reparatur von Artikeln der Marke Allstar und Uhlmann, Klingenreparatur<\/span><\/p><h3><span data-text-color=\"primary\" data-mce-mark=\"1\">Vermietung<\/span><\/h3><p><span data-text-color=\"primary\" data-mce-mark=\"1\">Bereitstellung von Fechtbahnen und Ger\u00e4ten f\u00fcr Wettk\u00e4mpfe<\/span><\/p><p>Auf den folgenden Links finden Sie wichtige Informationen zum Fechtsport. Erfahren Sie wie die Ausr\u00fcstungsvorschriften und Wettkampfreglement aussehen.<\/p><p>\u00a0<\/p><p><a href=\"https:\/\/fechtsport-kindermann.de\/wp-content\/uploads\/2022\/12\/Wettkampfreglement.pdf\" target=\"_blank\" rel=\"noopener\">Wettkampfreglement FIE<\/a><\/p><p>\u00a0<\/p><p><a href=\"https:\/\/fechtsport-kindermann.de\/wp-content\/uploads\/2022\/12\/Ausruestungsvorschriften-DFB-2019.pdf\" target=\"_blank\" rel=\"noopener\">Ausr\u00fcstungsvorschriften des Deutschen Fechter-Bund e.V.<\/a><\/p><p>\u00a0<\/p>\t\t\t\t\t\t\t\t<\/div>\n\t\t\t\t<\/div>\n\t\t\t\t\t<\/div>\r\n\t\t\t\t<\/div>\r\n\t\t\t\t\t<\/div>\r\n\t\t\t\t<\/section>\r\n\t\t\t\t<\/div>\n\t\t","protected":false},"excerpt":{"rendered":"<p>&nbsp; Service flexibility We offer customer-friendly hours for consultation and sales in the warehouse by telephone arrangement (direct sales as well as shipping) sale Tournament sales, sale of fencing articles in the clubs, ordering and sale on the Internet repair Repair of Allstar and Uhlmann brand items, blade repair Rental Provision of fencing piste and [&hellip;]<\/p>\n","protected":false},"author":1,"featured_media":0,"parent":0,"menu_order":0,"comment_status":"closed","ping_status":"closed","template":"","meta":{"footnotes":""},"class_list":["post-63925","page","type-page","status-publish","hentry"],"_links":{"self":[{"href":"https:\/\/fechtsport-kindermann.de\/en\/wp-json\/wp\/v2\/pages\/63925","targetHints":{"allow":["GET"]}}],"collection":[{"href":"https:\/\/fechtsport-kindermann.de\/en\/wp-json\/wp\/v2\/pages"}],"about":[{"href":"https:\/\/fechtsport-kindermann.de\/en\/wp-json\/wp\/v2\/types\/page"}],"author":[{"embeddable":true,"href":"https:\/\/fechtsport-kindermann.de\/en\/wp-json\/wp\/v2\/users\/1"}],"replies":[{"embeddable":true,"href":"https:\/\/fechtsport-kindermann.de\/en\/wp-json\/wp\/v2\/comments?post=63925"}],"version-history":[{"count":1,"href":"https:\/\/fechtsport-kindermann.de\/en\/wp-json\/wp\/v2\/pages\/63925\/revisions"}],"predecessor-version":[{"id":89152,"href":"https:\/\/fechtsport-kindermann.de\/en\/wp-json\/wp\/v2\/pages\/63925\/revisions\/89152"}],"wp:attachment":[{"href":"https:\/\/fechtsport-kindermann.de\/en\/wp-json\/wp\/v2\/media?parent=63925"}],"curies":[{"name":"wp","href":"https:\/\/api.w.org\/{rel}","templated":true}]}}