{"id":63919,"date":"2022-11-09T15:53:23","date_gmt":"2022-11-09T14:53:23","guid":{"rendered":"https:\/\/fechtsport-kindermann.de\/privacy\/"},"modified":"2025-01-01T09:25:19","modified_gmt":"2025-01-01T08:25:19","slug":"privacy","status":"publish","type":"page","link":"https:\/\/fechtsport-kindermann.de\/en\/privacy\/","title":{"rendered":"Privacy"},"content":{"rendered":"\t\t<div data-elementor-type=\"wp-page\" data-elementor-id=\"63919\" class=\"elementor elementor-63919 elementor-20799\" data-elementor-post-type=\"page\">\n\t\t\t\t\t\t<section class=\"elementor-section elementor-top-section elementor-element elementor-element-35f4ff6f elementor-section-boxed elementor-section-height-default elementor-section-height-default\" data-id=\"35f4ff6f\" data-element_type=\"section\" data-e-type=\"section\">\r\n\t\t\r\n\t\t\t\t\t\t\t<div class=\"elementor-container elementor-column-gap-default\">\r\n\t\t\t\t\t\t\t\t\t\t\t<div class=\"elementor-column elementor-col-100 elementor-top-column elementor-element elementor-element-331b0e6b\" data-id=\"331b0e6b\" data-element_type=\"column\" data-e-type=\"column\">\r\n\t\t\t\t\t<div class=\"elementor-widget-wrap elementor-element-populated\">\r\n\t\t\t\t\t\t\t\t<div class=\"elementor-element elementor-element-695f24b0 elementor-widget elementor-widget-text-editor\" data-id=\"695f24b0\" data-element_type=\"widget\" data-e-type=\"widget\" data-widget_type=\"text-editor.default\">\n\t\t\t\t<div class=\"elementor-widget-container\">\n\t\t\t\t\t\t\t\t\t<p>\u00a0<\/p><h1>DATENSCHUTZ<\/h1><p>\u00a0<\/p><h2>INNOFENCE &#8211; Christian W\u00f6lfel Datenschutzerkl\u00e4rung<\/h2><p>In dieser Datenschutzerkl\u00e4rung wird beschrieben, wie Ihre personenbezogenen Daten erfasst, verwendet und weitergegeben werden, wenn Sie www.fechtsport-kindermann.de (die &#8220;Website&#8221;) nutzen oder dort etwas kaufen.<\/p><h3>VON UNS ERFASSTE PERSONENBEZOGENE DATEN<\/h3><p>Wenn Sie die Website besuchen, erfassen wir automatisch bestimmte Informationen \u00fcber Ihr Ger\u00e4t, darunter Informationen zum Webbrowser, der IP-Adresse, der Zeitzone und einigen der Cookies, die auf Ihrem Ger\u00e4t installiert sind. Wenn Sie auf der Website navigieren, erfassen wir au\u00dferdem Informationen zu den einzelnen Webseiten oder Produkten, die Sie aufrufen, zu den Websites oder Suchbegriffen, die Sie auf die Website gef\u00fchrt haben, sowie Informationen dar\u00fcber, wie Sie mit der Website interagieren. Wir bezeichnen diese automatisch erfassten Informationen als &#8220;Ger\u00e4teinformationen&#8221;.<\/p><h3>Wir erfassen Ger\u00e4teinformationen mithilfe der folgenden Technologien:<\/h3><p>&#8211; &#8220;Cookies&#8221; sind Datendateien, die auf einem Ger\u00e4t oder Computer gespeichert werden und h\u00e4ufig eine anonyme eindeutige Kennung enthalten. Weitere Informationen zu Cookies und zum Deaktivieren von Cookies sind unter http:\/\/www.allaboutcookies.org zu finden.<br \/>&#8211; &#8220;Protokolldateien&#8221; protokollieren Aktionen auf der Website und erfassen Daten wie IP-Adresse, Browsertyp, Internetdienstanbieter, verweisende\/Ausstiegsseiten sowie Datums-\/Uhrzeitstempel.<br \/>&#8211; &#8220;Web Beacons&#8221;, &#8220;Tags&#8221; und &#8220;Pixel&#8221; sind elektronische Dateien zur Erfassung von Informationen dazu, wie Sie auf der Website navigieren.<\/p><p>Wenn Sie auf der Website etwas kaufen oder versuchen, etwas zu kaufen, erfassen wir au\u00dferdem bestimmte Informationen \u00fcber Ihre Person. Dazu geh\u00f6ren Name, Rechnungsadresse, Lieferadresse, Zahlungsinformationen (einschlie\u00dflich Kreditkartennummern [[ANDERE ZUL\u00c4SSIGE ZAHLUNGSARTEN EINF\u00dcGEN]]), E-Mail-Adresse und Telefonnummer. Wir bezeichnen diese Angaben als &#8220;Bestellinformationen&#8221;.<\/p><p>Mit &#8220;personenbezogene Daten&#8221; in dieser Datenschutzerkl\u00e4rung bezeichnen wir sowohl Ger\u00e4teinformationen als auch Bestellinformationen.<\/p><h3>WIE VERWENDEN WIR IHRE PERSONENBEZOGENEN DATEN?<\/h3><p>Wir verwenden die von uns erfassten Bestellinformationen in der Regel zur Ausf\u00fchrung von Bestellungen, die wir \u00fcber die Website erhalten (unter anderem zur Verarbeitung Ihrer Zahlungsinformationen, Versandbereitstellung und Zusendung von Rechnungen und\/oder Bestellbest\u00e4tigungen).<\/p><p>Au\u00dferdem verwenden wir diese Bestellinformation zur:<\/p><p>Kommunikation mit Ihnen;<br \/>Pr\u00fcfung unserer Bestellungen auf potenzielle Risiken oder Betrug und<\/p><p>Bereitstellung von Informationen oder Werbung im Zusammenhang mit unseren Produkten oder Dienstleistungen an Sie, sofern dies mit Ihren Datenschutzeinstellungen im Einklang steht.<\/p><p>Wir verwenden die von uns erfassten Ger\u00e4teinformationen f\u00fcr die Pr\u00fcfung auf potenzielle Risiken und Betrug (insbesondere Ihre IP-Adresse) und allgemein zur Verbesserung und Optimierung unserer Website (z.B. mithilfe von Analysen zum Navigationsverhalten unserer Kunden und ihrer Interaktion mit der Website sowie zum Beurteilen des Erfolgs unserer Marketing- und Werbekampagnen).<\/p><p>Wir geben Ihre personenbezogenen Daten an Dritte weiter, die uns bei der Verwendung Ihrer personenbezogenen Daten wie oben beschrieben unterst\u00fctzen. Zum Beispiel verwenden wir Shopify, um unseren Onlineshop zu betreiben. Weitere Informationen dazu, wie Shopify Ihre personenbezogenen Daten verwendet, finden Sie hier: https:\/\/www.shopify.com\/legal\/privacy. Au\u00dferdem verwenden wir Google Analytics, um zu verstehen, wie unsere Kunden die Website nutzen. Weitere Informationen zur Verwendung Ihrer personenbezogenen Daten durch Google finden Sie hier: https:\/\/policies.google.com\/privacy?hl=de. Hier k\u00f6nnen Sie Google Analytics deaktivieren: https:\/\/tools.google.com\/dlpage\/gaoptout.<\/p><p>Schlie\u00dflich k\u00f6nnen wir Ihre personenbezogenen Daten auch weitergeben, um geltende Gesetze und Vorschriften einzuhalten, um auf eine Vorladung, einen Durchsuchungsbefehl oder eine andere rechtm\u00e4\u00dfige Anfrage nach Informationen, die wir erhalten, zu reagieren oder um unsere Rechte anderweitig zu sch\u00fctzen.<\/p><p>Wie oben beschrieben verwenden wir Ihre personenbezogenen Daten, um Ihnen zielgerichtete Werbung oder Marketingmitteilungen zur Verf\u00fcgung zu stellen, von denen wir glauben, dass sie f\u00fcr Sie von Interesse sein k\u00f6nnten. Weitere Informationen dar\u00fcber, wie zielgerichtete Werbung funktioniert, finden Sie auf der Aufkl\u00e4rungsseite der Network Advertising Initiative (&#8220;NAI&#8221;) unter http:\/\/www.networkadvertising.org\/understanding-online-advertising\/how-does-it-work.<\/p><p>Sie k\u00f6nnen zielgerichtete Anzeigen hier deaktivieren:<\/p><p>FACEBOOK \u2013 https:\/\/www.facebook.com\/settings\/?tab=ads<br \/>GOOGLE \u2013 https:\/\/www.google.com\/settings\/ads\/anonymous<br \/>BING \u2013 https:\/\/advertise.bingads.microsoft.com\/en-us\/resources\/policies\/personalized-ads<\/p><p>Dar\u00fcber hinaus k\u00f6nnen Sie einige dieser Dienste \u00fcber das Opt-out-Portal der Digital Advertising Alliance deaktivieren: http:\/\/optout.aboutads.info\/.<\/p><h3>DO NOT TRACK<\/h3><p>Wir weisen Sie darauf hin, dass wir die Datenerfassungs- und -nutzungsverfahren unserer Website nicht \u00e4ndern, wenn wir von Ihrem Browser ein &#8220;Do Not Track&#8221;-Signal erhalten.<\/p><h3>IHRE RECHTE<\/h3><p>Wenn Sie in Europa ans\u00e4ssig sind, haben Sie das Recht, auf die personenbezogenen Daten, die wir \u00fcber Sie besitzen, zuzugreifen und deren Korrektur, Aktualisierung oder L\u00f6schung zu fordern. Wenn Sie dieses Recht aus\u00fcben m\u00f6chten, setzen Sie sich \u00fcber die nachstehenden Kontaktdaten mit uns in Verbindung.<br \/>Wenn Sie in Europa ans\u00e4ssig sind, weisen wir au\u00dferdem darauf hin, dass wir Ihre Daten verarbeiten, um Vertr\u00e4ge mit Ihnen zu erf\u00fcllen (z. B. wenn Sie \u00fcber die Website eine Bestellung aufgeben) oder um unsere oben genannten berechtigten Gesch\u00e4ftsinteressen zu verfolgen. Bitte beachten Sie au\u00dferdem, dass Ihre Daten au\u00dferhalb von Europa, einschlie\u00dflich Kanada und den Vereinigten Staaten, \u00fcbertragen werden.<\/p><h3>AUFBEWAHRUNG VON DATEN<\/h3><p>Wenn Sie eine Bestellung \u00fcber die Website aufgeben, bewahren wir Ihre Bestellinformationen f\u00fcr unsere Aufzeichnungen auf, sofern Sie uns nicht auffordern, diese Daten zu l\u00f6schen.<\/p><h3>\u00c4NDERUNGEN<\/h3><p>Wir k\u00f6nnen diese Datenschutzerkl\u00e4rung gelegentlich \u00e4ndern, um \u00c4nderungen unserer Vorgehensweisen zu ber\u00fccksichtigen, oder aus anderen betrieblichen, rechtlichen oder aufsichtsrechtlichen Gr\u00fcnden.<\/p><h3>KONTAKT<\/h3><p>Wenn Sie weitere Informationen zu unseren Datenschutzverfahren ben\u00f6tigen, Fragen haben oder eine Beschwerde einreichen m\u00f6chten, kontaktieren Sie uns per E-Mail an info [at] innofence.de oder per Post an die unten genannte Adresse:<\/p><p>Christian W\u00f6lfel, Leipziger Stra\u00dfe 17 c, Delitzsch, Sacchsen, 04509 , Deutschland<\/p><p>\u00a0<\/p>\t\t\t\t\t\t\t\t<\/div>\n\t\t\t\t<\/div>\n\t\t\t\t\t<\/div>\r\n\t\t\t\t<\/div>\r\n\t\t\t\t\t<\/div>\r\n\t\t\t\t<\/section>\r\n\t\t\t\t<\/div>\n\t\t","protected":false},"excerpt":{"rendered":"<p>&nbsp; Privacy 1. data protection at a glance General notes The following notices provide a simple overview of what happens to your personal data when you visit our website. Personal data is any data by which you can be personally identified. For detailed information on the subject of data protection, please refer to our privacy [&hellip;]<\/p>\n","protected":false},"author":1,"featured_media":0,"parent":0,"menu_order":0,"comment_status":"closed","ping_status":"closed","template":"","meta":{"footnotes":""},"class_list":["post-63919","page","type-page","status-publish","hentry"],"_links":{"self":[{"href":"https:\/\/fechtsport-kindermann.de\/en\/wp-json\/wp\/v2\/pages\/63919","targetHints":{"allow":["GET"]}}],"collection":[{"href":"https:\/\/fechtsport-kindermann.de\/en\/wp-json\/wp\/v2\/pages"}],"about":[{"href":"https:\/\/fechtsport-kindermann.de\/en\/wp-json\/wp\/v2\/types\/page"}],"author":[{"embeddable":true,"href":"https:\/\/fechtsport-kindermann.de\/en\/wp-json\/wp\/v2\/users\/1"}],"replies":[{"embeddable":true,"href":"https:\/\/fechtsport-kindermann.de\/en\/wp-json\/wp\/v2\/comments?post=63919"}],"version-history":[{"count":2,"href":"https:\/\/fechtsport-kindermann.de\/en\/wp-json\/wp\/v2\/pages\/63919\/revisions"}],"predecessor-version":[{"id":89144,"href":"https:\/\/fechtsport-kindermann.de\/en\/wp-json\/wp\/v2\/pages\/63919\/revisions\/89144"}],"wp:attachment":[{"href":"https:\/\/fechtsport-kindermann.de\/en\/wp-json\/wp\/v2\/media?parent=63919"}],"curies":[{"name":"wp","href":"https:\/\/api.w.org\/{rel}","templated":true}]}}